{"id":922,"date":"2021-02-14T21:33:25","date_gmt":"2021-02-14T21:33:25","guid":{"rendered":"https:\/\/quarty-demo.bslthemes.com\/?page_id=922"},"modified":"2025-06-29T00:32:54","modified_gmt":"2025-06-28T21:32:54","slug":"portfolio-fullscreen-masonry","status":"publish","type":"page","link":"https:\/\/xn--konforyap-3pb.com\/?page_id=922","title":{"rendered":"Portfolio (Fullscreen Masonry)"},"content":{"rendered":"\t\t<div data-elementor-type=\"wp-page\" data-elementor-id=\"922\" class=\"elementor elementor-922\">\n\t\t\t\t\t\t<section class=\"elementor-section elementor-top-section elementor-element elementor-element-52b3c17 elementor-section-full_width elementor-section-height-default elementor-section-height-default\" data-id=\"52b3c17\" data-element_type=\"section\" data-e-type=\"section\">\n\t\t\t\t\t\t<div class=\"elementor-container elementor-column-gap-no\">\n\t\t\t\t\t<div class=\"elementor-column elementor-col-100 elementor-top-column elementor-element elementor-element-bb186ce\" data-id=\"bb186ce\" data-element_type=\"column\" data-e-type=\"column\">\n\t\t\t<div class=\"elementor-widget-wrap elementor-element-populated\">\n\t\t\t\t\t\t<div class=\"elementor-element elementor-element-b5f60cb elementor-widget elementor-widget-quarty-portfolio\" data-id=\"b5f60cb\" data-element_type=\"widget\" data-e-type=\"widget\" data-widget_type=\"quarty-portfolio.default\">\n\t\t\t\t<div class=\"elementor-widget-container\">\n\t\t\t\t\t\n\t\t<div class=\"qrt-section qrt-section-sf\">\n\t\t\t\t\t\t<div class=\"row\">\n\t\t\t  <div class=\"col-lg-12\">\n\t\t\t    <h3 class=\"qrt-mb-40 qrt-title-h\">\n\t\t\t    \t<span >\n\t\t          \t\tPortf\u00f6y\u00fcm\u00fcz\t\t        \t<\/span>\n\t\t\t    <\/h3>\n\t\t\t  <\/div>\n\t\t\t<\/div>\n\t\t\t\n\t\t\t\t\t\t<div class=\"qrt-filter qrt-mb-40\">\n              <a href=\"#\" data-filter=\"*\" class=\"qrt-work-category qrt-current qrt-filter-icon qrt-cursor-color qrt-cursor-scale\"><i class=\"fas fa-filter\"><\/i>All Categories<\/a>\n                            <a href=\"#\" data-filter=\".category-insaat-yapim-isi\" class=\"qrt-work-category qrt-cursor-color qrt-cursor-scale\">\u0130n\u015faat Yap\u0131m \u0130\u015fi<\/a>\n                          <\/div>\n            \n                        <div class=\"qrt-masonry-grid qrt-mb-40 qrt-grid-3-col qrt-gallery qrt-grid-masonry\">\n\n              <div class=\"qrt-grid-sizer\"><\/div>\n\n                           \t\n\n<div class=\"qrt-masonry-grid-item qrt-masonry-grid-item-50 category-insaat-yapim-isi \">\n  <div class=\"qrt-work-item\">\n        <a  data-magnific-gallery data-no-swup data-elementor-lightbox-slideshow=\"gallery\" data-elementor-lightbox-title=\"Be\u015fikta\u015f &#8211; Lale Apartman\u0131\" href=\"https:\/\/xn--konforyap-3pb.com\/wp-content\/uploads\/2025\/06\/8-scaled.jpg\" class=\"qrt-cursor-scale qrt-work-cover-frame\">\n      <img decoding=\"async\" src=\"https:\/\/xn--konforyap-3pb.com\/wp-content\/uploads\/2025\/06\/8-scaled.jpg\" alt=\"Be\u015fikta\u015f &#8211; Lale Apartman\u0131\">\n      <div class=\"qrt-item-zoom qrt-cursor-color\"><i class=\"fas fa-expand\"><\/i><\/div>\n      <div class=\"qrt-work-category\"><span>\u0130n\u015faat Yap\u0131m \u0130\u015fi <\/span><\/div>\n    <\/a>\n        <div class=\"qrt-work-descr\">\n            <h4 class=\"qrt-cursor-color qrt-white\">\n        <a href=\"https:\/\/xn--konforyap-3pb.com\/?portfolio=hostel-waterline\" class=\"qrt-anima-link\">Be\u015fikta\u015f &#8211; Lale Apartman\u0131<\/a>\n      <\/h4>\n            <a href=\"https:\/\/xn--konforyap-3pb.com\/?portfolio=hostel-waterline\" class=\"qrt-cursor-scale qrt-work-more qrt-anima-link\"><i class=\"fas fa-arrow-right\"><\/i><\/a>\n    <\/div>\n  <\/div>\n<\/div>          \t              <\/div>\n            \n\t\t  \t\n\t\t\t        <\/div>\n\n\t\t\t\t\t\t<\/div>\n\t\t\t\t<\/div>\n\t\t\t\t\t<\/div>\n\t\t<\/div>\n\t\t\t\t\t<\/div>\n\t\t<\/section>\n\t\t\t\t<section class=\"elementor-section elementor-top-section elementor-element elementor-element-833bbe0 elementor-section-full_width elementor-section-height-default elementor-section-height-default\" data-id=\"833bbe0\" data-element_type=\"section\" data-e-type=\"section\">\n\t\t\t\t\t\t<div class=\"elementor-container elementor-column-gap-no\">\n\t\t\t\t\t<div class=\"elementor-column elementor-col-100 elementor-top-column elementor-element elementor-element-ab61bfb\" data-id=\"ab61bfb\" data-element_type=\"column\" data-e-type=\"column\">\n\t\t\t<div class=\"elementor-widget-wrap elementor-element-populated\">\n\t\t\t\t\t\t<div class=\"elementor-element elementor-element-269f601 elementor-widget elementor-widget-quarty-cta\" data-id=\"269f601\" data-element_type=\"widget\" data-e-type=\"widget\" data-widget_type=\"quarty-cta.default\">\n\t\t\t\t<div class=\"elementor-widget-container\">\n\t\t\t\t\t\n\t\t<div class=\"row\">\n          <div class=\"col-lg-12\">\n            <div class=\"qrt-call-to-action\">\n                            <h4>\n              \t<span >\n\t          \t\tDo you have a project?\t        \t<\/span>\n              <\/h4>\n                                          <a href=\"\/quarty\/contact\/\" class=\"qrt-btn qrt-btn-sm qrt-btn-color qrt-cursor-scale qrt-anima-link\">\n              \t<span >\n\t          \t\tLet's discuss\t        \t<\/span>\n              <\/a>\n                          <\/div>\n          <\/div>\n        <\/div>\n\n\t\t\t\t\t\t<\/div>\n\t\t\t\t<\/div>\n\t\t\t\t\t<\/div>\n\t\t<\/div>\n\t\t\t\t\t<\/div>\n\t\t<\/section>\n\t\t\t\t<\/div>\n\t\t","protected":false},"excerpt":{"rendered":"<p>Portf\u00f6y\u00fcm\u00fcz All Categories Repair Interior Design Decor Architecture Architecture Hostel Waterline Interior Design Sunset House Repair Minimalistic interior Decor OP&#8230; <span class=\"qrt-el-more\"><a href=\"https:\/\/xn--konforyap-3pb.com\/?portfolio=hostel-waterline\" class=\"qrt-link qrt-color-link qrt-cursor-scale qrt-w-chevron\">Read more<\/a><\/span><\/p>\n","protected":false},"author":1,"featured_media":0,"parent":0,"menu_order":0,"comment_status":"closed","ping_status":"closed","template":"template-layout-builder.php","meta":{"_acf_changed":false,"footnotes":""},"class_list":["post-922","page","type-page","status-publish","hentry"],"acf":[],"_links":{"self":[{"href":"https:\/\/xn--konforyap-3pb.com\/index.php?rest_route=\/wp\/v2\/pages\/922","targetHints":{"allow":["GET"]}}],"collection":[{"href":"https:\/\/xn--konforyap-3pb.com\/index.php?rest_route=\/wp\/v2\/pages"}],"about":[{"href":"https:\/\/xn--konforyap-3pb.com\/index.php?rest_route=\/wp\/v2\/types\/page"}],"author":[{"embeddable":true,"href":"https:\/\/xn--konforyap-3pb.com\/index.php?rest_route=\/wp\/v2\/users\/1"}],"replies":[{"embeddable":true,"href":"https:\/\/xn--konforyap-3pb.com\/index.php?rest_route=%2Fwp%2Fv2%2Fcomments&post=922"}],"version-history":[{"count":7,"href":"https:\/\/xn--konforyap-3pb.com\/index.php?rest_route=\/wp\/v2\/pages\/922\/revisions"}],"predecessor-version":[{"id":2289,"href":"https:\/\/xn--konforyap-3pb.com\/index.php?rest_route=\/wp\/v2\/pages\/922\/revisions\/2289"}],"wp:attachment":[{"href":"https:\/\/xn--konforyap-3pb.com\/index.php?rest_route=%2Fwp%2Fv2%2Fmedia&parent=922"}],"curies":[{"name":"wp","href":"https:\/\/api.w.org\/{rel}","templated":true}]}}