{"id":561,"date":"2021-02-01T17:24:50","date_gmt":"2021-02-01T17:24:50","guid":{"rendered":"https:\/\/quarty-demo.bslthemes.com\/?page_id=561"},"modified":"2026-03-07T16:06:21","modified_gmt":"2026-03-07T13:06:21","slug":"home-slider","status":"publish","type":"page","link":"https:\/\/xn--konforyap-3pb.com\/","title":{"rendered":"Home Slider"},"content":{"rendered":"\t\t<div data-elementor-type=\"wp-page\" data-elementor-id=\"561\" class=\"elementor elementor-561\">\n\t\t\t\t\t\t<section class=\"elementor-section elementor-top-section elementor-element elementor-element-de55224 elementor-section-full_width elementor-section-height-default elementor-section-height-default\" data-id=\"de55224\" data-element_type=\"section\" data-e-type=\"section\">\n\t\t\t\t\t\t<div class=\"elementor-container elementor-column-gap-default\">\n\t\t\t\t\t<div class=\"elementor-column elementor-col-100 elementor-top-column elementor-element elementor-element-9deb41a\" data-id=\"9deb41a\" data-element_type=\"column\" data-e-type=\"column\">\n\t\t\t<div class=\"elementor-widget-wrap elementor-element-populated\">\n\t\t\t\t\t\t<div class=\"elementor-element elementor-element-4780505 elementor-widget elementor-widget-quarty-hero-slider\" data-id=\"4780505\" data-element_type=\"widget\" data-e-type=\"widget\" data-widget_type=\"quarty-hero-slider.default\">\n\t\t\t\t<div class=\"elementor-widget-container\">\n\t\t\t\t\t\n\t\t\t\t<div class=\"qrt-body\">\n\t\t<div class=\"swiper-container qrt-main-slider\">\n        \t<div class=\"qrt-slider-pagination\">\n        \t\t<div class=\"swiper-pagination swiper-main-pagination\"><\/div>\n        \t<\/div>\n        \t<div class=\"qrt-slider-navigation qrt-absolute\">\n            \t<div class=\"qrt-slider-nav-btn qrt-main-prev qrt-cursor-scale qrt-cursor-color\">\n            \t\t<i class=\"fas fa-arrow-left\"><\/i>\n            \t\t<span>prev<\/span>\n            \t<\/div>\n        \t\t<div class=\"qrt-slider-nav-btn qrt-main-next qrt-cursor-scale qrt-cursor-color\">\n        \t\t\t<span>next<\/span>\n        \t\t\t<i class=\"fas fa-arrow-right\"><\/i>\n        \t\t<\/div>\n        \t<\/div>\n        \t<div class=\"swiper-wrapper\">\n                        <div class=\"swiper-slide\">\n              \t<div class=\"qrt-project-cover\">\n\n                \t<div class=\"qrt-image-frame\">\n                  \t\t                  \t\t\t                  \t\t\t<img decoding=\"async\" src=\"https:\/\/xn--konforyap-3pb.com\/wp-content\/uploads\/2025\/06\/8-scaled.jpg\" data-swiper-parallax=\"400\" data-swiper-parallax-scale=\"1.4\" alt=\"\">\n                  \t\t\t\t\t\t\t\t\t\t\t\t\t\t\t\t\t\t\t\t\t                \t<\/div>\n\n\n                \t<div class=\"qrt-overlay\">\n                  \t\t<div class=\"qrt-parallax-fix\" data-swiper-parallax-x=\"-400\" data-swiper-parallax-duration=\"1000\">\n                    \t\t<div class=\"qrt-banner-title\">\n\t\t                    \t\t\t                    \t<h1 class=\"qrt-white qrt-mb-30 title--h1\">\n\t\t                    \t\t<span >\n\t\t\t\t\t\t\t\t\t\tBe\u015fikta\u015f - Lale Apartman\u0131\t\t\t\t\t\t\t\t\t<\/span>\n\t\t                    \t<\/h1>\n\t\t                    \t<div class=\"qrt-divider-2\"><\/div>\n\t\t                    \t\t\t                    \t\t\t                    \t<div class=\"qrt-text qrt-white qrt-mb-20\">\n\t\t                    \t\t<span >\n\t\t\t\t\t\t\t\t\t\t\u0130stanbul\u2019un kalbinde, ya\u015fam\u0131n tam ortas\u0131nda yepyeni bir proje: Lale Apartman\u0131. Modern mimarisi, dayan\u0131kl\u0131 yap\u0131s\u0131 ve kullan\u0131c\u0131 odakl\u0131 detaylar\u0131yla Be\u015fikta\u015f\u2019a yeni bir soluk getiriyoruz.\t\t\t\t\t\t\t\t\t<\/span>\n\t\t                    \t<\/div>\n\t\t                    \t\t\t                     \t\t\t                     \t<a href=\"https:\/\/xn--konforyap-3pb.com\/?page_id=1953\" class=\"qrt-btn qrt-btn-md qrt-btn-color qrt-cursor-scale qrt-anima-link qrt-mb-20\">\n\t\t                     \t\t<span >\n\t\t\t\t\t\t\t\t\t\tBizi ke\u015ffedin\t\t\t\t\t\t\t\t\t<\/span>\n\t\t                     \t\t<i class=\"fas fa-arrow-right\"><\/i>\n\t\t                     \t<\/a>\n\t\t                     \t\t\t                    \t\t\t                    \t<a href=\"https:\/\/xn--konforyap-3pb.com\/?page_id=406\" class=\"qrt-btn qrt-btn-md qrt-btn-border qrt-cursor-scale qrt-anima-link qrt-mb-20\">\n\t\t                    \t\t<span >\n\t\t\t\t\t\t\t\t\t\tBizimle \u0130leti\u015fime Ge\u00e7in\t\t\t\t\t\t\t\t\t<\/span>\n\t\t                    \t\t<i class=\"fas fa-arrow-right\"><\/i>\n\t\t                    \t<\/a>\n\t\t                    \t                \t\t\t<\/div>\n                \t\t<\/div>\n                \t<\/div>\n            \t<\/div>\n            <\/div>\n            \n          \t<\/div>\n        <\/div>\n    \t<\/div>\n        \n\t\t\t\t\t\t<\/div>\n\t\t\t\t<\/div>\n\t\t\t\t\t<\/div>\n\t\t<\/div>\n\t\t\t\t\t<\/div>\n\t\t<\/section>\n\t\t\t\t<\/div>\n\t\t","protected":false},"excerpt":{"rendered":"<p>prev next Be\u015fikta\u015f &#8211; Lale Apartman\u0131 \u0130stanbul\u2019un kalbinde, ya\u015fam\u0131n tam ortas\u0131nda yepyeni bir proje: Lale Apartman\u0131. Modern mimarisi, dayan\u0131kl\u0131 yap\u0131s\u0131&#8230; <span class=\"qrt-el-more\"><a href=\"https:\/\/xn--konforyap-3pb.com\/\" class=\"qrt-link qrt-color-link qrt-cursor-scale qrt-w-chevron\">Read more<\/a><\/span><\/p>\n","protected":false},"author":1,"featured_media":0,"parent":0,"menu_order":0,"comment_status":"closed","ping_status":"closed","template":"template-layout-builder.php","meta":{"_acf_changed":false,"footnotes":""},"class_list":["post-561","page","type-page","status-publish","hentry"],"acf":[],"_links":{"self":[{"href":"https:\/\/xn--konforyap-3pb.com\/index.php?rest_route=\/wp\/v2\/pages\/561","targetHints":{"allow":["GET"]}}],"collection":[{"href":"https:\/\/xn--konforyap-3pb.com\/index.php?rest_route=\/wp\/v2\/pages"}],"about":[{"href":"https:\/\/xn--konforyap-3pb.com\/index.php?rest_route=\/wp\/v2\/types\/page"}],"author":[{"embeddable":true,"href":"https:\/\/xn--konforyap-3pb.com\/index.php?rest_route=\/wp\/v2\/users\/1"}],"replies":[{"embeddable":true,"href":"https:\/\/xn--konforyap-3pb.com\/index.php?rest_route=%2Fwp%2Fv2%2Fcomments&post=561"}],"version-history":[{"count":19,"href":"https:\/\/xn--konforyap-3pb.com\/index.php?rest_route=\/wp\/v2\/pages\/561\/revisions"}],"predecessor-version":[{"id":2367,"href":"https:\/\/xn--konforyap-3pb.com\/index.php?rest_route=\/wp\/v2\/pages\/561\/revisions\/2367"}],"wp:attachment":[{"href":"https:\/\/xn--konforyap-3pb.com\/index.php?rest_route=%2Fwp%2Fv2%2Fmedia&parent=561"}],"curies":[{"name":"wp","href":"https:\/\/api.w.org\/{rel}","templated":true}]}}