{"id":1953,"date":"2021-08-10T22:28:51","date_gmt":"2021-08-10T22:28:51","guid":{"rendered":"https:\/\/quarty-demo.bslthemes.com\/?page_id=1953"},"modified":"2026-03-07T15:49:10","modified_gmt":"2026-03-07T12:49:10","slug":"about-us","status":"publish","type":"page","link":"https:\/\/xn--konforyap-3pb.com\/?page_id=1953","title":{"rendered":"About Us"},"content":{"rendered":"\t\t<div data-elementor-type=\"wp-page\" data-elementor-id=\"1953\" class=\"elementor elementor-1953\">\n\t\t\t\t\t\t<section class=\"elementor-section elementor-top-section elementor-element elementor-element-09fb1b8 elementor-section-full_width elementor-section-height-default elementor-section-height-default\" data-id=\"09fb1b8\" data-element_type=\"section\" data-e-type=\"section\">\n\t\t\t\t\t\t<div class=\"elementor-container elementor-column-gap-no\">\n\t\t\t\t\t<div class=\"elementor-column elementor-col-100 elementor-top-column elementor-element elementor-element-a7ea650\" data-id=\"a7ea650\" data-element_type=\"column\" data-e-type=\"column\">\n\t\t\t<div class=\"elementor-widget-wrap elementor-element-populated\">\n\t\t\t\t\t\t<div class=\"elementor-element elementor-element-0bf795e elementor-widget elementor-widget-quarty-banner\" data-id=\"0bf795e\" data-element_type=\"widget\" data-e-type=\"widget\" data-widget_type=\"quarty-banner.default\">\n\t\t\t\t<div class=\"elementor-widget-container\">\n\t\t\t\t\t\n\t\t<div class=\"row qrt-p-0-40\">\n          <div class=\"col-lg-12\">\n            <div class=\"qrt-page-cover\">\n                            <img decoding=\"async\" src=\"https:\/\/xn--konforyap-3pb.com\/wp-content\/uploads\/2025\/06\/banner-e1751144963233-1920x1053.jpg\" alt=\"\" \/>\n                                                        <div class=\"qrt-about-info qrt-right-position\">\n                <div class=\"qrt-cover-info\">\n\t\t\t\t  <ul class=\"qrt-table\">\n\t\t\t\t\t                    <li>\n                      <h5 class=\"qrt-white\">\n                      \t<span >\n\t        \t\t\t\t\u00dcLKE:\t        \t\t\t<\/span>\n                      <\/h5>\n                      <span >\n\t\t\t\t\t\tT\u00fcrkiye\t\t\t\t\t  <\/span>\n\t\t\t\t\t<\/li>\n                                        <li>\n                      <h5 class=\"qrt-white\">\n                      \t<span >\n\t        \t\t\t\t\u015eEH\u0130R:\t        \t\t\t<\/span>\n                      <\/h5>\n                      <span >\n\t\t\t\t\t\t\u0130stanbul ve \u00c7evresi\t\t\t\t\t  <\/span>\n\t\t\t\t\t<\/li>\n                                        <li>\n                      <h5 class=\"qrt-white\">\n                      \t<span >\n\t        \t\t\t\tKURULU\u015e:\t        \t\t\t<\/span>\n                      <\/h5>\n                      <span >\n\t\t\t\t\t\tEkim, 2024\t\t\t\t\t  <\/span>\n\t\t\t\t\t<\/li>\n                    \t\t\t\t  <\/ul>\n                <\/div>\n              <\/div>\n         \t              <\/div>\n          <\/div>\n        <\/div>\n\n\t\t\t\t\t\t<\/div>\n\t\t\t\t<\/div>\n\t\t\t\t\t<\/div>\n\t\t<\/div>\n\t\t\t\t\t<\/div>\n\t\t<\/section>\n\t\t\t\t<section class=\"elementor-section elementor-top-section elementor-element elementor-element-b13de92 elementor-section-full_width elementor-section-height-default elementor-section-height-default\" data-id=\"b13de92\" data-element_type=\"section\" data-e-type=\"section\">\n\t\t\t\t\t\t<div class=\"elementor-container elementor-column-gap-no\">\n\t\t\t\t\t<div class=\"elementor-column elementor-col-100 elementor-top-column elementor-element elementor-element-2a40d7b\" data-id=\"2a40d7b\" data-element_type=\"column\" data-e-type=\"column\">\n\t\t\t<div class=\"elementor-widget-wrap\">\n\t\t\t\t\t\t\t<\/div>\n\t\t<\/div>\n\t\t\t\t\t<\/div>\n\t\t<\/section>\n\t\t\t\t<section class=\"elementor-section elementor-top-section elementor-element elementor-element-52f47f7 elementor-section-full_width elementor-section-height-default elementor-section-height-default\" data-id=\"52f47f7\" data-element_type=\"section\" data-e-type=\"section\">\n\t\t\t\t\t\t<div class=\"elementor-container elementor-column-gap-no\">\n\t\t\t\t\t<div class=\"elementor-column elementor-col-100 elementor-top-column elementor-element elementor-element-81dec59\" data-id=\"81dec59\" data-element_type=\"column\" data-e-type=\"column\">\n\t\t\t<div class=\"elementor-widget-wrap elementor-element-populated\">\n\t\t\t\t\t\t<div class=\"elementor-element elementor-element-5831ef8 elementor-widget elementor-widget-quarty-about-us\" data-id=\"5831ef8\" data-element_type=\"widget\" data-e-type=\"widget\" data-widget_type=\"quarty-about-us.default\">\n\t\t\t\t<div class=\"elementor-widget-container\">\n\t\t\t\t\t\n\t\t<div class=\"qrt-section\">\n\t\t\t<div class=\"row\">\n\t          \t          <div class=\"col-lg-4\">\n\t            <h3 class=\"qrt-section-title\">\n\t            \t<span >\n\t          \t\t\tTasar\u0131mlar\u0131m\u0131zda g\u00fcvenli\u011fi,<br>esteti\u011fi ve konforu \u00f6n <br>\nplanda\ntutan, m\u00fc\u015fteri odakl\u0131 bir firmay\u0131z.\n\t         \t\t<\/span>\n\t            <\/h3>\n\t          <\/div>\n\t          \t          \t          <div class=\"col-lg-8 qrt-section-description\">\n\t            \t<div >\n\t          \t\t\t<p>Alan\u0131nda tecr\u00fcbeli ve yenilik\u00e7i yakla\u015f\u0131mlar\u0131yla <strong data-start=\"173\" data-end=\"188\">Konfor Yap\u0131<\/strong>, konut ve villa projelerinde kaliteyi, konforu ve esteti\u011fi bir araya getiriyor. Modern mimariyi i\u015flevsellikle bulu\u015fturarak uzun \u00f6m\u00fcrl\u00fc ya\u015fam alanlar\u0131 in\u015fa ediyor, m\u00fc\u015fteri memnuniyetini her zaman \u00f6n planda tutuyoruz. Her projede g\u00fcvenilir, s\u00fcrd\u00fcr\u00fclebilir ve de\u011fer katan \u00e7\u00f6z\u00fcmler sunuyoruz.<\/p><p>Y\u00fcksek yap\u0131 standartlar\u0131m\u0131z ve detaylara verdi\u011fimiz \u00f6zen sayesinde, sadece bug\u00fcn\u00fcn de\u011fil gelece\u011fin ihtiya\u00e7lar\u0131na da yan\u0131t veren projeler geli\u015ftiriyoruz. Konforlu ya\u015fam alanlar\u0131 tasarlarken, estetik kadar dayan\u0131kl\u0131l\u0131\u011f\u0131 da \u00f6nemsiyor; her m\u00fc\u015fterimizin hayalini ger\u00e7e\u011fe d\u00f6n\u00fc\u015ft\u00fcrmeyi hedefliyoruz.<\/p>\t         \t\t<\/div>\n\t          <\/div>\n\t          \t        <\/div>\n\t    <\/div>\n\n\t\t\t\t\t\t<\/div>\n\t\t\t\t<\/div>\n\t\t\t\t\t<\/div>\n\t\t<\/div>\n\t\t\t\t\t<\/div>\n\t\t<\/section>\n\t\t\t\t<section class=\"elementor-section elementor-top-section elementor-element elementor-element-0d96a76 elementor-section-full_width elementor-section-height-default elementor-section-height-default\" data-id=\"0d96a76\" data-element_type=\"section\" data-e-type=\"section\">\n\t\t\t\t\t\t<div class=\"elementor-container elementor-column-gap-no\">\n\t\t\t\t\t<div class=\"elementor-column elementor-col-100 elementor-top-column elementor-element elementor-element-bd16f0a\" data-id=\"bd16f0a\" data-element_type=\"column\" data-e-type=\"column\">\n\t\t\t<div class=\"elementor-widget-wrap elementor-element-populated\">\n\t\t\t\t\t\t<div class=\"elementor-element elementor-element-0f97d3b elementor-widget elementor-widget-quarty-services\" data-id=\"0f97d3b\" data-element_type=\"widget\" data-e-type=\"widget\" data-widget_type=\"quarty-services.default\">\n\t\t\t\t<div class=\"elementor-widget-container\">\n\t\t\t\t\t\n\t\t<div class=\"qrt-section qrt-section-sf\">\n\t\t\t<div class=\"row\">\n\t\t\t                <div class=\"col-lg-12\">\n                <h3 class=\"qrt-mb-40 qrt-title-h\">\n                \t<span >\n\t\t          \t\t\u00c7al\u0131\u015fma Alanlar\u0131m\u0131z\t\t         \t<\/span>\n                <\/h3>\n              <\/div>\n              \n                                          <div class=\"col-lg-4 qrt-service-item\">\n                <div class=\"qrt-icon-box\">\n                                    <img decoding=\"async\" class=\"mb-20\" src=\"https:\/\/xn--konforyap-3pb.com\/wp-content\/uploads\/2021\/03\/icon-1-1.png\" alt=\"\u0130n\u015faat Projeleri ve Dan\u0131\u015fmanl\u0131\u011f\u0131\">\n                  \n                                    <h4 class=\"mb-20 qrt-service-title\">\n                  \t<span >\n\t\t        \t\t\u0130n\u015faat Projeleri ve Dan\u0131\u015fmanl\u0131\u011f\u0131\t\t        \t<\/span>\n                  <\/h4>\n                  \n                                    <div class=\"qrt-service-desc\">\n                  \t<div >\n\t\t        \t\t<p>Alan\u0131nda tecr\u00fcbeli ve yenilik\u00e7i yakla\u015f\u0131mlar\u0131yla,&nbsp;<span style=\"letter-spacing: 0px\">her a\u015famada g\u00fcvenilir \u00e7\u00f6z\u00fcmler sunarak&nbsp;<\/span><span style=\"letter-spacing: 0px\">sekt\u00f6rde fark yaratmay\u0131 hedefliyoruz.&nbsp;<\/span><\/p>\t\t          \t<\/div>\n\t\t          <\/div>\n                                  <\/div>\n              <\/div>\n                            <div class=\"col-lg-4 qrt-service-item\">\n                <div class=\"qrt-icon-box\">\n                                    <img decoding=\"async\" class=\"mb-20\" src=\"https:\/\/xn--konforyap-3pb.com\/wp-content\/uploads\/2021\/03\/icon-2-1.png\" alt=\"Tasar\u0131m Dan\u0131\u015fmanl\u0131\u011f\u0131\">\n                  \n                                    <h4 class=\"mb-20 qrt-service-title\">\n                  \t<span >\n\t\t        \t\tTasar\u0131m Dan\u0131\u015fmanl\u0131\u011f\u0131\t\t        \t<\/span>\n                  <\/h4>\n                  \n                                    <div class=\"qrt-service-desc\">\n                  \t<div >\n\t\t        \t\t<p>Farkl\u0131 projelerinizde tasar\u0131m ihtiya\u00e7lar\u0131n\u0131zda deneyimli ekimizle yan\u0131n\u0131zday\u0131z.<\/p>\t\t          \t<\/div>\n\t\t          <\/div>\n                                  <\/div>\n              <\/div>\n                            <div class=\"col-lg-4 qrt-service-item\">\n                <div class=\"qrt-icon-box\">\n                                    <img decoding=\"async\" class=\"mb-20\" src=\"https:\/\/xn--konforyap-3pb.com\/wp-content\/uploads\/2021\/03\/icon-3-1.png\" alt=\"Tamirat&amp;Tadilat\">\n                  \n                                    <h4 class=\"mb-20 qrt-service-title\">\n                  \t<span >\n\t\t        \t\tTamirat&amp;Tadilat\t\t        \t<\/span>\n                  <\/h4>\n                  \n                                    <div class=\"qrt-service-desc\">\n                  \t<div >\n\t\t        \t\t<p>Tamirat ve tadilat ihtiya\u00e7lar\u0131n\u0131zda projelerinizin b\u00fcy\u00fckl\u00fc\u011f\u00fc farketmeksizin yan\u0131n\u0131zday\u0131z.<\/p>\t\t          \t<\/div>\n\t\t          <\/div>\n                                  <\/div>\n              <\/div>\n                                        <\/div>\n        <\/div>\n\n\t\t\t\t\t\t<\/div>\n\t\t\t\t<\/div>\n\t\t\t\t\t<\/div>\n\t\t<\/div>\n\t\t\t\t\t<\/div>\n\t\t<\/section>\n\t\t\t\t<section class=\"elementor-section elementor-top-section elementor-element elementor-element-fbb64cd elementor-section-full_width elementor-section-height-default elementor-section-height-default\" data-id=\"fbb64cd\" data-element_type=\"section\" data-e-type=\"section\">\n\t\t\t\t\t\t<div class=\"elementor-container elementor-column-gap-no\">\n\t\t\t\t\t<div class=\"elementor-column elementor-col-100 elementor-top-column elementor-element elementor-element-3e29ade\" data-id=\"3e29ade\" data-element_type=\"column\" data-e-type=\"column\">\n\t\t\t<div class=\"elementor-widget-wrap elementor-element-populated\">\n\t\t\t\t\t\t<div class=\"elementor-element elementor-element-2ae7cd3 elementor-widget elementor-widget-quarty-numbers\" data-id=\"2ae7cd3\" data-element_type=\"widget\" data-e-type=\"widget\" data-widget_type=\"quarty-numbers.default\">\n\t\t\t\t<div class=\"elementor-widget-container\">\n\t\t\t\t\t\n\t\t\t\t<div class=\"qrt-section qrt-section-sf\">\n\t\t\t<div class=\"row\">\n\t          \t          <div class=\"col-lg-3 col-sm-6\">\n\n\t            <div class=\"qrt-counter-frame\">\n\t              <div class=\"qrt-counter-box\">\n\t                <span class=\"qrt-counter\">\n\t                \t<span >\n\t\t        \t\t\t5\t\t        \t\t<\/span>\n\t                <\/span>\n\t                \t\t        \t<span class=\"qrt-counter-plus\">+<\/span>\n\t\t    \t\t\t              <\/div>\n\t              <h5>\n\t              \t<span >\n\t        \t\t\tTECR\u00dcBE\t        \t\t<\/span>\n\t              <\/h5>\n\t            <\/div>\n\n\t          <\/div>\n\t          \t          <div class=\"col-lg-3 col-sm-6\">\n\n\t            <div class=\"qrt-counter-frame\">\n\t              <div class=\"qrt-counter-box\">\n\t                <span class=\"qrt-counter\">\n\t                \t<span >\n\t\t        \t\t\t3\t\t        \t\t<\/span>\n\t                <\/span>\n\t                \t              <\/div>\n\t              <h5>\n\t              \t<span >\n\t        \t\t\tTAMAMLANAN PROJE\t        \t\t<\/span>\n\t              <\/h5>\n\t            <\/div>\n\n\t          <\/div>\n\t          \t          <div class=\"col-lg-3 col-sm-6\">\n\n\t            <div class=\"qrt-counter-frame\">\n\t              <div class=\"qrt-counter-box\">\n\t                <span class=\"qrt-counter\">\n\t                \t<span >\n\t\t        \t\t\t+30\t\t        \t\t<\/span>\n\t                <\/span>\n\t                \t              <\/div>\n\t              <h5>\n\t              \t<span >\n\t        \t\t\tMUTLU M\u00dc\u015eTER\u0130\t        \t\t<\/span>\n\t              <\/h5>\n\t            <\/div>\n\n\t          <\/div>\n\t          \t          <div class=\"col-lg-3 col-sm-6\">\n\n\t            <div class=\"qrt-counter-frame\">\n\t              <div class=\"qrt-counter-box\">\n\t                <span class=\"qrt-counter\">\n\t                \t<span >\n\t\t        \t\t\t2\t\t        \t\t<\/span>\n\t                <\/span>\n\t                \t\t        \t<span class=\"qrt-counter-plus\">+<\/span>\n\t\t    \t\t\t              <\/div>\n\t              <h5>\n\t              \t<span >\n\t        \t\t\tREFERANS\t        \t\t<\/span>\n\t              <\/h5>\n\t            <\/div>\n\n\t          <\/div>\n\t          \t        <\/div>\n\t    <\/div>\n\t    \n\t\t\t\t\t\t<\/div>\n\t\t\t\t<\/div>\n\t\t\t\t\t<\/div>\n\t\t<\/div>\n\t\t\t\t\t<\/div>\n\t\t<\/section>\n\t\t\t\t<section class=\"elementor-section elementor-top-section elementor-element elementor-element-96d9592 elementor-section-full_width elementor-section-height-default elementor-section-height-default\" data-id=\"96d9592\" data-element_type=\"section\" data-e-type=\"section\">\n\t\t\t\t\t\t<div class=\"elementor-container elementor-column-gap-no\">\n\t\t\t\t\t<div class=\"elementor-column elementor-col-100 elementor-top-column elementor-element elementor-element-f34cc51\" data-id=\"f34cc51\" data-element_type=\"column\" data-e-type=\"column\">\n\t\t\t<div class=\"elementor-widget-wrap elementor-element-populated\">\n\t\t\t\t\t\t<div class=\"elementor-element elementor-element-b42eaf0 elementor-widget elementor-widget-quarty-cta\" data-id=\"b42eaf0\" data-element_type=\"widget\" data-e-type=\"widget\" data-widget_type=\"quarty-cta.default\">\n\t\t\t\t<div class=\"elementor-widget-container\">\n\t\t\t\t\t\n\t\t<div class=\"row\">\n          <div class=\"col-lg-12\">\n            <div class=\"qrt-call-to-action\">\n                            <h4>\n              \t<span >\n\t          \t\tProjeniz mi var?\t        \t<\/span>\n              <\/h4>\n                                          <a href=\"\/quarty\/contact\/\" class=\"qrt-btn qrt-btn-sm qrt-btn-color qrt-cursor-scale qrt-anima-link\">\n              \t<span >\n\t          \t\tBize Ula\u015f\u0131n\t        \t<\/span>\n              <\/a>\n                          <\/div>\n          <\/div>\n        <\/div>\n\n\t\t\t\t\t\t<\/div>\n\t\t\t\t<\/div>\n\t\t\t\t\t<\/div>\n\t\t<\/div>\n\t\t\t\t\t<\/div>\n\t\t<\/section>\n\t\t\t\t<section class=\"elementor-section elementor-top-section elementor-element elementor-element-875781b elementor-section-full_width elementor-section-height-default elementor-section-height-default\" data-id=\"875781b\" data-element_type=\"section\" data-e-type=\"section\">\n\t\t\t\t\t\t<div class=\"elementor-container elementor-column-gap-no\">\n\t\t\t\t\t<div class=\"elementor-column elementor-col-100 elementor-top-column elementor-element elementor-element-613db7c\" data-id=\"613db7c\" data-element_type=\"column\" data-e-type=\"column\">\n\t\t\t<div class=\"elementor-widget-wrap\">\n\t\t\t\t\t\t\t<\/div>\n\t\t<\/div>\n\t\t\t\t\t<\/div>\n\t\t<\/section>\n\t\t\t\t<section class=\"elementor-section elementor-top-section elementor-element elementor-element-aa38a97 elementor-section-full_width elementor-section-height-default elementor-section-height-default\" data-id=\"aa38a97\" data-element_type=\"section\" data-e-type=\"section\">\n\t\t\t\t\t\t<div class=\"elementor-container elementor-column-gap-no\">\n\t\t\t\t\t<div class=\"elementor-column elementor-col-100 elementor-top-column elementor-element elementor-element-9d70e0a\" data-id=\"9d70e0a\" data-element_type=\"column\" data-e-type=\"column\">\n\t\t\t<div class=\"elementor-widget-wrap\">\n\t\t\t\t\t\t\t<\/div>\n\t\t<\/div>\n\t\t\t\t\t<\/div>\n\t\t<\/section>\n\t\t\t\t<\/div>\n\t\t","protected":false},"excerpt":{"rendered":"<p>\u00dcLKE: T\u00fcrkiye \u015eEH\u0130R: \u0130stanbul ve \u00c7evresi KURULU\u015e: Ekim, 2024 Tasar\u0131mlar\u0131m\u0131zda g\u00fcvenli\u011fi,esteti\u011fi ve konforu \u00f6n planda tutan, m\u00fc\u015fteri odakl\u0131 bir firmay\u0131z&#8230;. <span class=\"qrt-el-more\"><a href=\"https:\/\/xn--konforyap-3pb.com\/?page_id=1953\" class=\"qrt-link qrt-color-link qrt-cursor-scale qrt-w-chevron\">Read more<\/a><\/span><\/p>\n","protected":false},"author":1,"featured_media":0,"parent":0,"menu_order":0,"comment_status":"closed","ping_status":"closed","template":"template-layout-builder.php","meta":{"_acf_changed":false,"footnotes":""},"class_list":["post-1953","page","type-page","status-publish","hentry"],"acf":[],"_links":{"self":[{"href":"https:\/\/xn--konforyap-3pb.com\/index.php?rest_route=\/wp\/v2\/pages\/1953","targetHints":{"allow":["GET"]}}],"collection":[{"href":"https:\/\/xn--konforyap-3pb.com\/index.php?rest_route=\/wp\/v2\/pages"}],"about":[{"href":"https:\/\/xn--konforyap-3pb.com\/index.php?rest_route=\/wp\/v2\/types\/page"}],"author":[{"embeddable":true,"href":"https:\/\/xn--konforyap-3pb.com\/index.php?rest_route=\/wp\/v2\/users\/1"}],"replies":[{"embeddable":true,"href":"https:\/\/xn--konforyap-3pb.com\/index.php?rest_route=%2Fwp%2Fv2%2Fcomments&post=1953"}],"version-history":[{"count":85,"href":"https:\/\/xn--konforyap-3pb.com\/index.php?rest_route=\/wp\/v2\/pages\/1953\/revisions"}],"predecessor-version":[{"id":2330,"href":"https:\/\/xn--konforyap-3pb.com\/index.php?rest_route=\/wp\/v2\/pages\/1953\/revisions\/2330"}],"wp:attachment":[{"href":"https:\/\/xn--konforyap-3pb.com\/index.php?rest_route=%2Fwp%2Fv2%2Fmedia&parent=1953"}],"curies":[{"name":"wp","href":"https:\/\/api.w.org\/{rel}","templated":true}]}}